{"id":12,"date":"2018-04-12T20:26:29","date_gmt":"2018-04-12T18:26:29","guid":{"rendered":"https:\/\/brunellscompeticio.com\/?page_id=12"},"modified":"2018-09-27T14:11:02","modified_gmt":"2018-09-27T12:11:02","slug":"contacto","status":"publish","type":"page","link":"https:\/\/brunellscompeticio.com\/ca\/contacto\/","title":{"rendered":"Contacte"},"content":{"rendered":"<p>Pots posar-te en contacte amb nosaltres al n\u00famero de telef\u00f3n que apareix m\u00e9s avall o mitjan\u00e7ant el seg\u00fcent formulari:<\/p>\n\n<div class=\"wpcf7 no-js\" id=\"wpcf7-f658-o2\" lang=\"es-ES\" dir=\"ltr\" data-wpcf7-id=\"658\">\n<div class=\"screen-reader-response\"><p role=\"status\" aria-live=\"polite\" aria-atomic=\"true\"><\/p> <ul><\/ul><\/div>\n<form action=\"\/ca\/wp-json\/wp\/v2\/pages\/12#wpcf7-f658-o2\" method=\"post\" class=\"wpcf7-form init\" aria-label=\"Formulario de contacto\" novalidate=\"novalidate\" data-status=\"init\">\n<fieldset class=\"hidden-fields-container\"><input type=\"hidden\" name=\"_wpcf7\" value=\"658\" \/><input type=\"hidden\" name=\"_wpcf7_version\" value=\"6.1.5\" \/><input type=\"hidden\" name=\"_wpcf7_locale\" value=\"es_ES\" \/><input type=\"hidden\" name=\"_wpcf7_unit_tag\" value=\"wpcf7-f658-o2\" \/><input type=\"hidden\" name=\"_wpcf7_container_post\" value=\"0\" \/><input type=\"hidden\" name=\"_wpcf7_posted_data_hash\" value=\"\" \/>\n<\/fieldset>\n<p><label> Nom (requerit)<br \/>\n<span class=\"wpcf7-form-control-wrap\" data-name=\"your-name\"><input size=\"40\" maxlength=\"400\" class=\"wpcf7-form-control wpcf7-text wpcf7-validates-as-required\" aria-required=\"true\" aria-invalid=\"false\" value=\"\" type=\"text\" name=\"your-name\" \/><\/span> <\/label>\n<\/p>\n<p><label> Correu electr\u00f2nic (requerit)<br \/>\n<span class=\"wpcf7-form-control-wrap\" data-name=\"your-email\"><input size=\"40\" maxlength=\"400\" class=\"wpcf7-form-control wpcf7-email wpcf7-validates-as-required wpcf7-text wpcf7-validates-as-email\" aria-required=\"true\" aria-invalid=\"false\" value=\"\" type=\"email\" name=\"your-email\" \/><\/span> <\/label>\n<\/p>\n<p><label> Tel\u00e8fon<br \/>\n<span class=\"wpcf7-form-control-wrap\" data-name=\"your-phone\"><input size=\"40\" maxlength=\"400\" class=\"wpcf7-form-control wpcf7-text\" aria-invalid=\"false\" value=\"\" type=\"text\" name=\"your-phone\" \/><\/span> <\/label>\n<\/p>\n<p><label> Assumpte (requerit)<br \/>\n<span class=\"wpcf7-form-control-wrap\" data-name=\"your-subject\"><input size=\"40\" maxlength=\"400\" class=\"wpcf7-form-control wpcf7-text wpcf7-validates-as-required\" aria-required=\"true\" aria-invalid=\"false\" value=\"\" type=\"text\" name=\"your-subject\" \/><\/span> <\/label>\n<\/p>\n<p><label> Missatge (requerit)<br \/>\n<span class=\"wpcf7-form-control-wrap\" data-name=\"your-message\"><textarea cols=\"40\" rows=\"10\" maxlength=\"2000\" class=\"wpcf7-form-control wpcf7-textarea wpcf7-validates-as-required\" aria-required=\"true\" aria-invalid=\"false\" name=\"your-message\"><\/textarea><\/span> <\/label>\n<\/p>\n<p><input class=\"wpcf7-form-control wpcf7-submit has-spinner\" type=\"submit\" value=\"Enviar\" \/>\n<\/p><p style=\"display: none !important;\" class=\"akismet-fields-container\" data-prefix=\"_wpcf7_ak_\"><label>&#916;<textarea name=\"_wpcf7_ak_hp_textarea\" cols=\"45\" rows=\"8\" maxlength=\"100\"><\/textarea><\/label><input type=\"hidden\" id=\"ak_js_2\" name=\"_wpcf7_ak_js\" value=\"102\"\/><script>document.getElementById( \"ak_js_2\" ).setAttribute( \"value\", ( new Date() ).getTime() );<\/script><\/p><div class=\"wpcf7-response-output\" aria-hidden=\"true\"><\/div>\n<\/form>\n<\/div>\n\n<p><em>Les dades personals facilitades s&#8217;utilitzaran exclusivament per generar un correu electr\u00f2nic que s&#8217;enviar\u00e0 a Brunells Competici\u00f3. Cap d&#8217;aquestes dades s&#8217;emmagatzemar\u00e0 a la base de dades<\/em><em>.<\/em><\/p>","protected":false},"excerpt":{"rendered":"<p>Pots posar-te en contacte amb nosaltres al n\u00famero de telef\u00f3n que apareix m\u00e9s avall o mitjan\u00e7ant el seg\u00fcent formulari: Les dades personals facilitades s&#8217;utilitzaran exclusivament per generar un correu electr\u00f2nic que s&#8217;enviar\u00e0 a Brunells Competici\u00f3. Cap d&#8217;aquestes dades s&#8217;emmagatzemar\u00e0 a la base de dades.<\/p>\n","protected":false},"author":1,"featured_media":0,"parent":0,"menu_order":7,"comment_status":"closed","ping_status":"closed","template":"","meta":{"footnotes":""},"class_list":["post-12","page","type-page","status-publish","hentry"],"yoast_head":"<!-- This site is optimized with the Yoast SEO plugin v27.2 - https:\/\/yoast.com\/product\/yoast-seo-wordpress\/ -->\n<title>Contacte &#8226; Brunells Competici\u00f3<\/title>\n<meta name=\"robots\" content=\"index, follow, max-snippet:-1, max-image-preview:large, max-video-preview:-1\" \/>\n<link rel=\"canonical\" href=\"https:\/\/brunellscompeticio.com\/contacto\/\" \/>\n<meta property=\"og:locale\" content=\"ca_ES\" \/>\n<meta property=\"og:type\" content=\"article\" \/>\n<meta property=\"og:title\" content=\"Contacte &#8226; Brunells Competici\u00f3\" \/>\n<meta property=\"og:description\" content=\"Pots posar-te en contacte amb nosaltres al n\u00famero de telef\u00f3n que apareix m\u00e9s avall o mitjan\u00e7ant el seg\u00fcent formulari: Les dades personals facilitades s&#8217;utilitzaran exclusivament per generar un correu electr\u00f2nic que s&#8217;enviar\u00e0 a Brunells Competici\u00f3. Cap d&#8217;aquestes dades s&#8217;emmagatzemar\u00e0 a la base de dades.\" \/>\n<meta property=\"og:url\" content=\"https:\/\/brunellscompeticio.com\/contacto\/\" \/>\n<meta property=\"og:site_name\" content=\"Brunells Competici\u00f3\" \/>\n<meta property=\"article:modified_time\" content=\"2018-09-27T12:11:02+00:00\" \/>\n<meta name=\"twitter:card\" content=\"summary_large_image\" \/>\n<meta name=\"twitter:label1\" content=\"Temps estimat de lectura\" \/>\n\t<meta name=\"twitter:data1\" content=\"1 minut\" \/>\n<script type=\"application\/ld+json\" class=\"yoast-schema-graph\">{\"@context\":\"https:\/\/schema.org\",\"@graph\":[{\"@type\":\"WebPage\",\"@id\":\"https:\/\/brunellscompeticio.com\/contacto\/\",\"url\":\"https:\/\/brunellscompeticio.com\/contacto\/\",\"name\":\"Contacte &#8226; Brunells Competici\u00f3\",\"isPartOf\":{\"@id\":\"https:\/\/brunellscompeticio.com\/#website\"},\"datePublished\":\"2018-04-12T18:26:29+00:00\",\"dateModified\":\"2018-09-27T12:11:02+00:00\",\"breadcrumb\":{\"@id\":\"https:\/\/brunellscompeticio.com\/contacto\/#breadcrumb\"},\"inLanguage\":\"ca\",\"potentialAction\":[{\"@type\":\"ReadAction\",\"target\":[\"https:\/\/brunellscompeticio.com\/contacto\/\"]}]},{\"@type\":\"BreadcrumbList\",\"@id\":\"https:\/\/brunellscompeticio.com\/contacto\/#breadcrumb\",\"itemListElement\":[{\"@type\":\"ListItem\",\"position\":1,\"name\":\"Portada\",\"item\":\"https:\/\/brunellscompeticio.com\/\"},{\"@type\":\"ListItem\",\"position\":2,\"name\":\"Contacto\"}]},{\"@type\":\"WebSite\",\"@id\":\"https:\/\/brunellscompeticio.com\/#website\",\"url\":\"https:\/\/brunellscompeticio.com\/\",\"name\":\"Brunells Competici\u00f3\",\"description\":\"\",\"publisher\":{\"@id\":\"https:\/\/brunellscompeticio.com\/#organization\"},\"potentialAction\":[{\"@type\":\"SearchAction\",\"target\":{\"@type\":\"EntryPoint\",\"urlTemplate\":\"https:\/\/brunellscompeticio.com\/?s={search_term_string}\"},\"query-input\":{\"@type\":\"PropertyValueSpecification\",\"valueRequired\":true,\"valueName\":\"search_term_string\"}}],\"inLanguage\":\"ca\"},{\"@type\":\"Organization\",\"@id\":\"https:\/\/brunellscompeticio.com\/#organization\",\"name\":\"Brunells Competici\u00f3\",\"url\":\"https:\/\/brunellscompeticio.com\/\",\"logo\":{\"@type\":\"ImageObject\",\"inLanguage\":\"ca\",\"@id\":\"https:\/\/brunellscompeticio.com\/#\/schema\/logo\/image\/\",\"url\":\"https:\/\/brunellscompeticio.com\/wp-content\/uploads\/2018\/04\/marca-de-agua-400.png\",\"contentUrl\":\"https:\/\/brunellscompeticio.com\/wp-content\/uploads\/2018\/04\/marca-de-agua-400.png\",\"width\":400,\"height\":84,\"caption\":\"Brunells Competici\u00f3\"},\"image\":{\"@id\":\"https:\/\/brunellscompeticio.com\/#\/schema\/logo\/image\/\"}}]}<\/script>\n<!-- \/ Yoast SEO plugin. -->","yoast_head_json":{"title":"Contacte &#8226; Brunells Competici\u00f3","robots":{"index":"index","follow":"follow","max-snippet":"max-snippet:-1","max-image-preview":"max-image-preview:large","max-video-preview":"max-video-preview:-1"},"canonical":"https:\/\/brunellscompeticio.com\/contacto\/","og_locale":"ca_ES","og_type":"article","og_title":"Contacte &#8226; Brunells Competici\u00f3","og_description":"Pots posar-te en contacte amb nosaltres al n\u00famero de telef\u00f3n que apareix m\u00e9s avall o mitjan\u00e7ant el seg\u00fcent formulari: Les dades personals facilitades s&#8217;utilitzaran exclusivament per generar un correu electr\u00f2nic que s&#8217;enviar\u00e0 a Brunells Competici\u00f3. Cap d&#8217;aquestes dades s&#8217;emmagatzemar\u00e0 a la base de dades.","og_url":"https:\/\/brunellscompeticio.com\/contacto\/","og_site_name":"Brunells Competici\u00f3","article_modified_time":"2018-09-27T12:11:02+00:00","twitter_card":"summary_large_image","twitter_misc":{"Temps estimat de lectura":"1 minut"},"schema":{"@context":"https:\/\/schema.org","@graph":[{"@type":"WebPage","@id":"https:\/\/brunellscompeticio.com\/contacto\/","url":"https:\/\/brunellscompeticio.com\/contacto\/","name":"Contacte &#8226; Brunells Competici\u00f3","isPartOf":{"@id":"https:\/\/brunellscompeticio.com\/#website"},"datePublished":"2018-04-12T18:26:29+00:00","dateModified":"2018-09-27T12:11:02+00:00","breadcrumb":{"@id":"https:\/\/brunellscompeticio.com\/contacto\/#breadcrumb"},"inLanguage":"ca","potentialAction":[{"@type":"ReadAction","target":["https:\/\/brunellscompeticio.com\/contacto\/"]}]},{"@type":"BreadcrumbList","@id":"https:\/\/brunellscompeticio.com\/contacto\/#breadcrumb","itemListElement":[{"@type":"ListItem","position":1,"name":"Portada","item":"https:\/\/brunellscompeticio.com\/"},{"@type":"ListItem","position":2,"name":"Contacto"}]},{"@type":"WebSite","@id":"https:\/\/brunellscompeticio.com\/#website","url":"https:\/\/brunellscompeticio.com\/","name":"Brunells Competici\u00f3","description":"","publisher":{"@id":"https:\/\/brunellscompeticio.com\/#organization"},"potentialAction":[{"@type":"SearchAction","target":{"@type":"EntryPoint","urlTemplate":"https:\/\/brunellscompeticio.com\/?s={search_term_string}"},"query-input":{"@type":"PropertyValueSpecification","valueRequired":true,"valueName":"search_term_string"}}],"inLanguage":"ca"},{"@type":"Organization","@id":"https:\/\/brunellscompeticio.com\/#organization","name":"Brunells Competici\u00f3","url":"https:\/\/brunellscompeticio.com\/","logo":{"@type":"ImageObject","inLanguage":"ca","@id":"https:\/\/brunellscompeticio.com\/#\/schema\/logo\/image\/","url":"https:\/\/brunellscompeticio.com\/wp-content\/uploads\/2018\/04\/marca-de-agua-400.png","contentUrl":"https:\/\/brunellscompeticio.com\/wp-content\/uploads\/2018\/04\/marca-de-agua-400.png","width":400,"height":84,"caption":"Brunells Competici\u00f3"},"image":{"@id":"https:\/\/brunellscompeticio.com\/#\/schema\/logo\/image\/"}}]}},"_links":{"self":[{"href":"https:\/\/brunellscompeticio.com\/ca\/wp-json\/wp\/v2\/pages\/12","targetHints":{"allow":["GET"]}}],"collection":[{"href":"https:\/\/brunellscompeticio.com\/ca\/wp-json\/wp\/v2\/pages"}],"about":[{"href":"https:\/\/brunellscompeticio.com\/ca\/wp-json\/wp\/v2\/types\/page"}],"author":[{"embeddable":true,"href":"https:\/\/brunellscompeticio.com\/ca\/wp-json\/wp\/v2\/users\/1"}],"replies":[{"embeddable":true,"href":"https:\/\/brunellscompeticio.com\/ca\/wp-json\/wp\/v2\/comments?post=12"}],"version-history":[{"count":8,"href":"https:\/\/brunellscompeticio.com\/ca\/wp-json\/wp\/v2\/pages\/12\/revisions"}],"predecessor-version":[{"id":659,"href":"https:\/\/brunellscompeticio.com\/ca\/wp-json\/wp\/v2\/pages\/12\/revisions\/659"}],"wp:attachment":[{"href":"https:\/\/brunellscompeticio.com\/ca\/wp-json\/wp\/v2\/media?parent=12"}],"curies":[{"name":"wp","href":"https:\/\/api.w.org\/{rel}","templated":true}]}}