{"id":165,"date":"2018-04-20T15:07:15","date_gmt":"2018-04-20T13:07:15","guid":{"rendered":"https:\/\/brunellscompeticio.com\/?page_id=165"},"modified":"2018-09-27T14:02:02","modified_gmt":"2018-09-27T12:02:02","slug":"palmares","status":"publish","type":"page","link":"https:\/\/brunellscompeticio.com\/ca\/palmares\/","title":{"rendered":"Palmar\u00e8s"},"content":{"rendered":"<p><\/p>\n<h1>Palmar\u00e8s<\/h1>\n<p>1966 10\u00ba CAMPIONAT CATALUNYA &#8211; SEAT 600<br \/>\n1969 7\u00ba CAMPIONAT CATALUNYA &#8211; MORRIS COOPER \u201cS\u201d<br \/>\n1970 <strong>CAMPI\u00d3 DE CATALUNYA<\/strong>\u00a0&#8211; MINI COOPER \u201cS\u201d<br \/>\n1971 SUBCAMPI\u00d3 DE CATALUNYA &#8211; MINI AUTHI 1275-C<br \/>\n1972 3\u00ba CAMPIONAT D&#8217;ESPANYA I 3\u00ba CAMPIONAT CATALUNYA &#8211; MINI AUTHI 1275-C<br \/>\n1974 3\u00ba CAMPIONAT D&#8217;ESPANYA &#8211; SUBCAMPI\u00d3 TROFEU MONOPLACES\u00a0CAMPIONAT D&#8217;ESPANYA I 3\u00ba CAMPIONAT CATALUNYA &#8211; SELEX ST4-1800<br \/>\n1975 SUBCAMPI\u00d3 DE CATALUNYA I 6\u00ba CAMPIONAT D&#8217;ESPANYA &#8211; LOLA T-290<br \/>\n1976 3\u00ba CAMPIONAT CATALUNYA I 4\u00ba CAMPIONAT D&#8217;ESPANYA &#8211; LOLA T-290<br \/>\n1980 SUBCAMPI\u00d3 DE CATALUNYA &#8211; FORD FIESTA 1300<br \/>\n1981 SUBCAMPI\u00d3 DE CATALUNYA &#8211; FORD FIESTA 1600<\/p>\n<div id=\"envira-gallery-wrap-461\" class=\"envira-gallery-wrap envira-gallery-theme-base envira-lightbox-theme-base\" itemscope itemtype=\"https:\/\/schema.org\/ImageGallery\"><div data-row-height=\"\" data-gallery-theme=\"\" id=\"envira-gallery-461\" class=\"envira-gallery-public  envira-gallery-2-columns envira-clear enviratope envira-gallery-css-animations\" data-envira-columns=\"2\"><div id=\"envira-gallery-item-438\" class=\"envira-gallery-item enviratope-item envira-gallery-item-1 envira-lazy-load\" style=\"padding-left: 5px; padding-bottom: 10px; padding-right: 5px;\"  itemscope itemtype=\"https:\/\/schema.org\/ImageObject\"><div class=\"envira-gallery-item-inner\"><div class=\"envira-gallery-position-overlay  envira-gallery-top-left\"><\/div><div class=\"envira-gallery-position-overlay  envira-gallery-top-right\"><\/div><div class=\"envira-gallery-position-overlay  envira-gallery-bottom-left\"><\/div><div class=\"envira-gallery-position-overlay  envira-gallery-bottom-right\"><\/div><a href=\"https:\/\/brunellscompeticio.com\/wp-content\/uploads\/2018\/05\/Placa-de-Honor-del-RACC-Campeonato-de-Catalu\u00f1a-1970-Miquel-Brunells.jpeg\" class=\"envira-gallery-461 envira-gallery-link\" rel=\"enviragallery461\" title=\"Placa de Honor del RACC - Campeonato de Catalu&ntilde;a 1970 - Miquel Brunells\" data-envira-caption=\"Placa de Honor del RACC - Campeonato de Catalu&ntilde;a 1970 - Miquel Brunells\" data-envira-retina=\"\" data-thumbnail=\"\"  itemprop=\"contentUrl\"><div class=\"envira-lazy\" data-test-width=\"640\" data-test-height=\"250\" style=\"padding-bottom:39.0625%;\"><img decoding=\"async\" id=\"envira-gallery-image-438\" class=\"envira-gallery-image envira-gallery-image-1\" data-envira-index=\"1\" src=\"https:\/\/brunellscompeticio.com\/wp-content\/uploads\/2018\/05\/Placa-de-Honor-del-RACC-Campeonato-de-Catalu\u00f1a-1970-Miquel-Brunells-1024x696.jpeg\" data-envira-src=\"https:\/\/brunellscompeticio.com\/wp-content\/uploads\/2018\/05\/Placa-de-Honor-del-RACC-Campeonato-de-Catalu\u00f1a-1970-Miquel-Brunells-1024x696.jpeg\" data-envira-gallery-id=\"461\" data-envira-item-id=\"438\" data-envira-caption=\"Placa de Honor del RACC - Campeonato de Catalu&ntilde;a 1970 - Miquel Brunells\" alt=\"\" title=\"Placa de Honor del RACC - Campeonato de Catalu&amp;ntilde;a 1970 - Miquel Brunells\"  itemprop=\"thumbnailUrl\" data-envira-srcset=\"https:\/\/brunellscompeticio.com\/wp-content\/uploads\/2018\/05\/Placa-de-Honor-del-RACC-Campeonato-de-Catalu\u00f1a-1970-Miquel-Brunells-1024x696.jpeg 400w,https:\/\/brunellscompeticio.com\/wp-content\/uploads\/2018\/05\/Placa-de-Honor-del-RACC-Campeonato-de-Catalu\u00f1a-1970-Miquel-Brunells-1024x696.jpeg 2x\" srcset=\"data:image\/gif;base64,R0lGODlhAQABAIAAAP\/\/\/\/\/\/\/yH5BAEKAAEALAAAAAABAAEAAAICTAEAOw==\" \/><\/div><\/a><\/div><\/div><div id=\"envira-gallery-item-439\" class=\"envira-gallery-item enviratope-item envira-gallery-item-2 envira-lazy-load\" style=\"padding-left: 5px; padding-bottom: 10px; padding-right: 5px;\"  itemscope itemtype=\"https:\/\/schema.org\/ImageObject\"><div class=\"envira-gallery-item-inner\"><div class=\"envira-gallery-position-overlay  envira-gallery-top-left\"><\/div><div class=\"envira-gallery-position-overlay  envira-gallery-top-right\"><\/div><div class=\"envira-gallery-position-overlay  envira-gallery-bottom-left\"><\/div><div class=\"envira-gallery-position-overlay  envira-gallery-bottom-right\"><\/div><a href=\"https:\/\/brunellscompeticio.com\/wp-content\/uploads\/2018\/05\/RACC-Subcampe\u00f3n-de-Catalu\u00f1a-1975-Miquel-Brunells.jpeg\" class=\"envira-gallery-461 envira-gallery-link\" rel=\"enviragallery461\" title=\"RACC - Subcampe&oacute;n de Catalu&ntilde;a 1975 - Miquel Brunells\" data-envira-caption=\"RACC - Subcampe&oacute;n de Catalu&ntilde;a 1975 - Miquel Brunells\" data-envira-retina=\"\" data-thumbnail=\"\"  itemprop=\"contentUrl\"><div class=\"envira-lazy\" data-test-width=\"640\" data-test-height=\"250\" style=\"padding-bottom:39.0625%;\"><img decoding=\"async\" id=\"envira-gallery-image-439\" class=\"envira-gallery-image envira-gallery-image-2\" data-envira-index=\"2\" src=\"https:\/\/brunellscompeticio.com\/wp-content\/uploads\/2018\/05\/RACC-Subcampe\u00f3n-de-Catalu\u00f1a-1975-Miquel-Brunells-1024x1017.jpeg\" data-envira-src=\"https:\/\/brunellscompeticio.com\/wp-content\/uploads\/2018\/05\/RACC-Subcampe\u00f3n-de-Catalu\u00f1a-1975-Miquel-Brunells-1024x1017.jpeg\" data-envira-gallery-id=\"461\" data-envira-item-id=\"439\" data-envira-caption=\"RACC - Subcampe&oacute;n de Catalu&ntilde;a 1975 - Miquel Brunells\" alt=\"\" title=\"RACC - Subcampe&amp;oacute;n de Catalu&amp;ntilde;a 1975 - Miquel Brunells\"  itemprop=\"thumbnailUrl\" data-envira-srcset=\"https:\/\/brunellscompeticio.com\/wp-content\/uploads\/2018\/05\/RACC-Subcampe\u00f3n-de-Catalu\u00f1a-1975-Miquel-Brunells-1024x1017.jpeg 400w,https:\/\/brunellscompeticio.com\/wp-content\/uploads\/2018\/05\/RACC-Subcampe\u00f3n-de-Catalu\u00f1a-1975-Miquel-Brunells-1024x1017.jpeg 2x\" srcset=\"data:image\/gif;base64,R0lGODlhAQABAIAAAP\/\/\/\/\/\/\/yH5BAEKAAEALAAAAAABAAEAAAICTAEAOw==\" \/><\/div><\/a><\/div><\/div><\/div><\/div><noscript><img decoding=\"async\" src=\"https:\/\/brunellscompeticio.com\/wp-content\/uploads\/2018\/05\/Placa-de-Honor-del-RACC-Campeonato-de-Catalu\u00f1a-1970-Miquel-Brunells.jpeg\" alt=\"\" \/><img decoding=\"async\" src=\"https:\/\/brunellscompeticio.com\/wp-content\/uploads\/2018\/05\/RACC-Subcampe\u00f3n-de-Catalu\u00f1a-1975-Miquel-Brunells.jpeg\" alt=\"\" \/><\/noscript>\n<h1>Traject\u00f2ria esportiva automobil\u00edstica de Miquel Brunells<\/h1>\n<p>Participaci\u00f3 en 256 proves documentades.<\/p>\n<h2>1962 (3)<\/h2>\n<p>4-2-1962 RALLYE D&#8217;HIVERN SEAT<br \/>\n9-9-1962 SANT FELIU DE CODINES SEAT 600 15\u00ba SCRATCH NUM.114<br \/>\n<strong>CIRCUIT<\/strong><br \/>\n9-6-1962 V TROFEU NUVOLARI SEAT 600 6\u00ba CLASE C<\/p>\n<h2>1963 (6)<\/h2>\n<p>27-2-1963 CIRCUIT DEL BESOS SEAT 1400B 19\u00ba<br \/>\n16-3-1963 XI RALLYE COSTA BRAVA SEAT N105<br \/>\n24-4-1963 I RALLYE 600 SEAT 1400 11\u00ba<br \/>\n12-5-1963 FLOR DE MAIG SEAT NARDI 850<br \/>\n8-9-1963 SANT FELIU DE CODINES NARDI 16\u00ba SCRATCH<br \/>\n2-11-1963 CIRCUIT CARLOS III SEAT NARDI 850<\/p>\n<h2>1964 (3)<\/h2>\n<p>6-9-1964 SANT FELIU CODINES SEAT NARDI 850 14\u00ba SCRATCH<br \/>\n21-10-1964 RALLYE DOS CATALUNYA<br \/>\n<strong>CIRCUIT<\/strong><br \/>\n..-..-1964 II TROFU JUAN JOVER SEAT 600 NARDI NUM.62<\/p>\n<h2>1965 (1)<\/h2>\n<p><strong>CIRCUIT<\/strong><br \/>\n10-5-1965 III TROFEU JUAN JOVER BMW 700<\/p>\n<h2>1966 (4)<\/h2>\n<h3>SEAT 600 &#8211; 10\u00ba CAMPIONAT CATALUNYA<\/h3>\n<p>15\u2013051966 MONTSENY SEAT 600D abandonament NUM.36<br \/>\n1-6-1966 XI RALLYE VALL D&#8217;ARAN MINI MORRIS C 17\u00ba (BRUNELLS-DOMENECH)<br \/>\n13-6-1966 SANT CUGAT TIBIDABO seat 600 10\u00ba<br \/>\n5-9-1966 SANT FELIU DE CODINES SEAT 600 850CC 22\u00ba SCRATCH 4\u00ba CLASE<\/p>\n<h2>1967 (5)<\/h2>\n<h3>SEAT 600<\/h3>\n<p>17-4-1967 ESTENALLES SEAT 600 8\u00ba<br \/>\n21\u2013051967 MONTSENY SEAT 600D ABANDONO<br \/>\n27-5-1967 SAN MATEO DE BAGES SEAT 600 1\u00ba GR 5<br \/>\n11-6-1967 V SANT CUGAT TIBIDABO SEAT 600 18\u00ba 4\u00ba CLASE<br \/>\n<strong>CIRCUIT<\/strong><br \/>\n7-5-1967 6H DE BARCELONA SEAT 600 10\u00ba SCRATCH 1\u00ba NACIONAL (BRUNELLS-BADAL)<\/p>\n<h2>1968 (6)<\/h2>\n<h3>SEAT ABARTH<\/h3>\n<p>28-2-1968 I RALLYE DE LA LANA SEAT ABARTH 7\u00ba SCRATCH (BRUNELLS-ISASI)<br \/>\n2\u20136-1968 MONTSENY SEAT 600D ABANDONO<br \/>\n12-6-1968 ROCAFORT SEAT 600 2\u00ba<br \/>\n16-8-1968 RALLYE RIAS BAIXAS SEAT 600 ABARTH ABANDONO<br \/>\n26-10-1968 IV RALLYE GIRONA SEAT 600<br \/>\n<strong>CIRCUIT<\/strong><br \/>\n7-4-1968 6H BARCELONA I TROFEU SAL\u00d3 DE L&#8217;AUTOM\u00d2BIL SEAT 600 ABARTH NUM.20<\/p>\n<h2>1969 (13)<\/h2>\n<h3>MORRIS COOPER \u201cS\u201d BLMC &#8211; 7\u00ba CAMPIONAT CATALUNYA<\/h3>\n<p>10-2-1969 XVII RALLYE COSTA BRAVA MINI COOPER S 8\u00ba SCRATCH NUM.27<br \/>\n22-2-1969 II RALLYE DE LA LLANA MINI COOPER S NUM.20<br \/>\n17-3-1969 BEGAS MINI COOPER S 6\u00ba SCRATCH<br \/>\n16-4-1969 FLOR DE MAIG MINI COOPER S 6\u00ba SCRATCH<br \/>\n25-5-1969 MONSENY MINI COOPER S 22\u00ba SCRATCH NUM.75<br \/>\n13-7-1969 RALLYE ORENSE MINI COOPER S (BRUNELLS-PEPITO ADELL)<br \/>\n31-8-1969 SANT FELIU DE CODINES 7\u00ba SCRATCH 1\u00ba CLASE<br \/>\n15-9-1969 EL FARELL MINI COOPER S 6\u00ba SCRATCH<br \/>\n12-10-1969 RABASADA MINI COOPER S<br \/>\n12-12-1969 CRUZ VERDE MINI COOPER S<br \/>\n13-12-1969 RALLYE LES TRES COSTES MINI COOPER NUM.18<br \/>\n<strong>CIRCUIT<\/strong><br \/>\n4-5-1969 TROFEO SEAT SEAT 600 NUM.7<br \/>\n4-10-1969 3H NACIONALES MINI COOPER S (BRUNELLS-LAZARO)<\/p>\n<h2>1970 (17)<\/h2>\n<h3>MINI COOPER S TERGAL &#8211; CAMPI\u00d3 DE CATALUNYA 1970<\/h3>\n<p>15-3-1970 MONTSERRAT MINI COOPER S 6\u00ba SCRATCH<br \/>\n22-3-1970 SANT BARTOMEU DEL GRAU MINI COOPER S 3\u00ba SCRATCH<br \/>\n5-4-1970 CASTELLTERSOL 1\u00ba SCRATCH MINI COOPER S<br \/>\n12-4-1970 IV FLOR DE MAIG MINI COOPER S 2\u00ba SCRATCH<br \/>\n3-5-1970 CREU ARAGALL MINI COOPER S 1\u00ba SCRATCH<br \/>\n24-5-1970 MONTSENY MINI COOPER S ABANDONO NUM.40<br \/>\n21-6-1970 SANT CUGAT TIBIDABO MINI COOPER S 2\u00ba SCRATCH<br \/>\n28-6-1970 SANTIGOSA MINI COOPER S 1\u00ba SCRATCH<br \/>\n30-8-1970 SANT FELIU DE CODINES MINI COOPER S 8\u00ba SCRATCH<br \/>\n20-9-1979 PUIGMAJOR 11\u00ba SCRATCH<br \/>\n11-10-1970 PONT DE VILUMARA MINI COOPER S 4\u00ba SCRATCH<br \/>\n18-10-1970 RABASADA 10\u00ba SCRATCH<br \/>\n<strong>CIRCUIT<\/strong><br \/>\n.-3-1970 JARAMA MINI COOPER S 6\u00ba SCRATCH<br \/>\n27-4-1970 TENERIFE MINI COOPER S ABANDONO<br \/>\n10-5-1970 GRANOLLERS MINI COOPER S 2\u00ba GRUPO<br \/>\n31-5-1970 JARAMA MINI COOPER S 8\u00ba SCRATCH<br \/>\n6-9-1970 ALCA\u00d1IZ MINI COOPER S 6\u00ba SCRATCH<\/p>\n<h2>1971 (18)<\/h2>\n<h3>MINI AUTHI 1275-C TERGAL SUBCAMPI\u00d3 DE CATALUNYA 1971<\/h3>\n<p>28-3-1971 MONTSERRAT ABANDONO<br \/>\n4-4-1971 CASTELL MONTJUICH 5\u00ba SCRATCH<br \/>\n25-4-1971 FLOR DE MAIG 7\u00ba SCRATCH<br \/>\n1-5-1971 LA MATA 6\u00ba SCRATCH<br \/>\n9-5-1971 VALLVIDIRERA 10\u00ba SCRATCH<br \/>\n23-5-1971 MONTSENY NO PARTICIPO<br \/>\n26-6-1971 ELS ANGELS 4\u00ba SCRATCH<br \/>\n11-7-1971 GIRONELLA 5\u00ba SCRATCH<br \/>\n20-6-1971 SANT CUGSAT TIBIDABO ABANDONO<br \/>\n5-9-1971 SANT FELIU DE CODINAS 7\u00ba SCRATCH 1\u00ba FABRICACION NACIONAL<br \/>\n26-9-1971 PUIGMAJOR 6\u00ba SCRATCH 1\u00ba GR2<br \/>\n16-10-1971 RABASSADA 4\u00ba SCRATCH 1 GR2<br \/>\n31-10-1971 COLLFORMICH 6\u00ba SCRATCH 1\u00ba GR2<br \/>\n7-11-1971 PONT VILUMARA 5\u00ba SCRATCH 1\u00ba GR2<br \/>\n14-11-1971 PRADES 12\u00ba SCRATCH<br \/>\n<strong>CIRCUIT<\/strong><br \/>\n16-5-1971 GRANOLLERS 9\u00ba SCRATCH<br \/>\n11-10-1971 3 HORAS NACIONALES 5\u00ba SCRATCH<br \/>\n12-10-1971 1000 KMS DE BARCELONA PORSCHE 911S NUM 36 (BRUNELLS-CHENEVIERE)<\/p>\n<h2>1972 (14)<\/h2>\n<h3>MINI AUTHI 1275-C TERGAL 3\u00ba CAMPIONAT D&#8217;ESPANYA Y 3\u00ba CAMPIONAT CATALUNYA 1972<\/h3>\n<p>12-3-1972 MONTSERRAT ?<br \/>\n16-4-1972 CATILLO MONTJUICH 5\u00ba SCRATCH<br \/>\n21-5-1972 MONTSENY 25\u00ba SCRATCH<br \/>\n25-5-1972 FLOR DE MAYO 5\u00ba SCRATCH 1\u00ba GR2<br \/>\n28-5-1972 ELS ANGELS 7\u00ba SCRATCH 1\u00ba GR2<br \/>\n1-6-1972 SANT CUGAT TIBIDABO 12\u00ba SCRATCH 1\u00ba GR2<br \/>\n18-7-1972 URBASA 7\u00ba SCRATCH 1\u00ba GR2<br \/>\n30-7-1972 BIEN APARECIDA 8\u00ba SCRATCH<br \/>\n28-8-1972 SANT FELIU DE CODINAS 10\u00ba SCRATCH<br \/>\n17-9-1972 JAIZKIBEL 12\u00ba SCRATCH<br \/>\n29-9-1972 PUIGMAJOR 5\u00ba 1\u00ba GR2<br \/>\n1-10-1972 PONT DE VILOMARA 5\u00ba SCRATCH<br \/>\n22-10-1972 RABASSADA ?<br \/>\n<strong>CIRCUITO<\/strong><br \/>\n8-10-1972 400 KMS DE BARCELONA MARTIN BM9 NUM.6 (BRUNELLS-MARTIN) ABANDONO<\/p>\n<h2>1973 (4)<\/h2>\n<h3>UNIPOWER GT<\/h3>\n<p>1-4-1973 MONTSERRAT ABANDONO<br \/>\n.-.-1973 CASTILLO MONTJUICH 5\u00ba SCRATCH<br \/>\n.-.-1973 SANT CUGAT TIBIDABO 5\u00ba SCRATCH<br \/>\n20-5-1973 MONTSENY 27\u00ba SCRATCH<\/p>\n<h2>1974 (15)<\/h2>\n<h3>SELEX ST4 1800 TERGAL (14) y BRABHAM BT40 (1) &#8211; 3\u00ba CAMPIONAT D&#8217;ESPANYA 1974, SUBCAMPI\u00d3 TROFEU CAMPIONAT\u00a0ESPANYA MONOPLACES 1974 I 3\u00ba CAMPIONAT CATALUNYA<\/h3>\n<p>31-3-1974 MONTSERRAT ABANDONO<br \/>\n14-4-1974 SANT BATOMEU DEL GRAU ABANDONO<br \/>\n12-5-1974 SANT CUGAT TIBIDABO ABANDONO<br \/>\n19-5-1974 LA MATA ABANDONO<br \/>\n20-5-1974 MONTSENY 22\u00ba SCRATCH<br \/>\n16-6-1974 URBASA ABANDONO<br \/>\n28-6-1974 MARINA DE CASTILLA 2\u00ba SCRATCH<br \/>\n7-7-1974 ENGOLASTERS 1\u00ba SCRATCH<br \/>\n21-7-1974 FITO NORTE 1\u00ba SCRATCH<br \/>\n28-4-1974 BIEN APARECIDA 4\u00ba SCRATCH<br \/>\n.-.-1974 RASOS DE PEGUERA 1\u00ba SCRATCH<br \/>\n8-9-1974 SANT FELIU CODINES 4\u00ba SCRATCH (=TIEMPO 3\u00ba)<br \/>\n22-9-1974 MACAEL ABANDONO<br \/>\n20-10-1974 RABASSADA BRABHAM BT40 3\u00ba SCRATCH<\/p>\n<h2>1975 (15)<\/h2>\n<h3>LOLA T-290 TERGAL &#8211; SUBCAMPI\u00d3 DE CATALUNYA 1975 I 6\u00ba CAMPIONAT ESPANYA<\/h3>\n<p>16\/03 MONTSERRAT 3\u00ba SCRATCH<br \/>\n13\/04 CASTILLO DE MONTJUICH 2\u00ba SCRTATCH<br \/>\n27\/03 ARRATE 3\u00ba SCRATCH<br \/>\n01\/05 COMIOLS 1\u00ba VENCEDOR ABSOLUTO<br \/>\n11\/05 SANT CUGAT-TIBIDABO 1\u00ba VENCEDOR ABSULUTO<br \/>\n25\/05 DESIERTO LAS PALMAS 3\u00ba SCRATCH<br \/>\n08\/06 LA MATA 4\u00ba SCRATCH<br \/>\n22\/06 GIRONELLA-CASERRAS 3\u00ba SCRATCH<br \/>\n03\/08 RASOS DE PEGUERA 1\u00ba VENCEDOR ABSOLUTO<br \/>\n17\/08 SANT BARTOMEU DEL GRAU 2\u00ba SCRATCH<br \/>\n07\/09 SANT FELIU DE CODINAS 2\u00ba SCRATCH<br \/>\n14\/09 MONTSENY ABANDONO MOTOR<br \/>\n28\/09 PUIGMAJOR 3\u00ba SCRATCH<br \/>\n12\/10 COLL DE LA BOTELLA 4\u00ba SCRATCH<br \/>\n19\/10 EL M\u00c1RMOL 2\u00ba SCRATCH<\/p>\n<h2>1976 (13)<\/h2>\n<h3>LOLA T-290 \u201cCOSTA-CLM&#8221; &#8211; 4\u00ba CAMPIONAT D&#8217;ESPANYA I 3\u00ba CAMPIONAT CATALUNYA<\/h3>\n<p>04\/04 MONTSERRAT 4\u00ba SCRATCH<br \/>\n10\/04 SANT BARTOMEU DEL GRAU 3\u00ba SCRATCH<br \/>\n25\/04 ARRATE 11\u00ba SCRATCH<br \/>\n09\/05 SANT CUGAT-TIBIDABO 1\u00ba VENCEDOR ABSOLUTO<br \/>\n16\/05 CASTILLO DE MONTJUICH 2\u00ba SCRTATCH<br \/>\n23\/05 MONTSENY 11\u00ba SCRATCH (CTO.EUROPA)<br \/>\n25\/07 BIEN APARECIDA 1\u00ba VENCEDOR ABSOLUTO<br \/>\n01\/08 PE\u00d1A CABARGA 4\u00ba SCRATCH<br \/>\n08\/08 LA REINETA 2\u00ba SCRATCH<br \/>\n29\/08 COLL DE LA BOTELLA 12\u00ba SCRATCH (CTO.EUROPA)<br \/>\n05\/09 SANT FELIU DE CODINAS 2\u00ba SCRATCH<br \/>\n12\/09 SANT PERE DE RODA 1\u00ba VENCEDOR ABSOLUTO<br \/>\n26\/09 PUIGMAJOR DESCALIFICADO<\/p>\n<h2>1977 (1)<\/h2>\n<h3>FORD FIESTA 1300<\/h3>\n<p>MONTSERRAT ENTRENOS<br \/>\n11-9-1977 SANT FELIU DE CODINAS 25\u00ba SCRATCH<\/p>\n<h2>1978 (13)<\/h2>\n<h3>FORD FIESTA 1300 AUTOPRACTICO<\/h3>\n<p>MONTSERRAT DESCALIFICADO NUM 41<br \/>\nSANT BARTOMEU DEL GRAU 2\u00baGR 2\u00baCL<br \/>\nLA TRONA 1\u00ba GR 1\u00ba CL<br \/>\n21-5-1978 MONTSENY TROMPO NUM 31<br \/>\nENGOLASTERS NUM 11<br \/>\n18-6-1978 GIRONELLA 2\u00ba GR 2\u00ba CL NUM 59<br \/>\n16-7-1978 FONTMARTINA 3\u00ba GR 2 CL NUM 44<br \/>\nJULIO 1978 ALCA\u00d1IZ ABANDONO (CUANDO IBA 4\u00ba SCRATCH 1\u00ba GR)<br \/>\n09-1977 SANT FELIU 13\u00ba SCRATCH 3 GR 3\u00ba CL NUM 36<br \/>\nPUIGMAJOR 3\u00ba GR 3\u00ba CL NUM 39<br \/>\n8-10 ANGELS ABANDONO NUM 46<br \/>\nPONT VILUMARA 1\u00ba GR 1\u00ba CL NUM 23<br \/>\nPRADES 1 GR 1 CL NUM 28<\/p>\n<h2>1979 (17)<\/h2>\n<h3>FORD FIESTA 1300 AUTOPRACTICO<\/h3>\n<p>MONTSERRAT ABANDONO NUM 53<br \/>\nSANT BARTOMEU ABANDONO<br \/>\nMONTSENY ABANDONO NUM 49<br \/>\nJARAMA 4H (BRUNELLS\/SERVIA) ABANDONO NUM 26<br \/>\nGIRONELLA ABANDONO NUM 48<br \/>\nENGOLASTERS 1\u00ba GR 1\u00ba CL NUM 29<br \/>\nBIEN APARECIDA 2\u00ba GR 2\u00ba CL NUM 41<br \/>\nPE\u00d1A CABARGA ABANDONO NUM 37<br \/>\nFITO 2\u00ba GR 2\u00ba CL<br \/>\nCHANTADA 4 GR<br \/>\nMONTES DE MALAGA 2 GR 2 CL<br \/>\nCASTILLO DE LA MOTA 2 GR 2 CL<br \/>\nSANT FELIU DE CODINAS 33\u00ba SCRATCH 4 CL NUM 43 MOTOR<br \/>\nPONT DE VILOMARA NUM 33<br \/>\nLA COMELLA 1GR 1 CL<br \/>\nPRADES ABANDONO<br \/>\nLES VENTOSES 7\u00ba SCRATCH 1 GR 1 CL NUM 28<\/p>\n<h2>1980 (14)<\/h2>\n<h3>FORD FIESTA 1300 AUTO LAYETANA 1300 &#8211; SUBCAMPI\u00d3 DE CATALUNYA 1980<\/h3>\n<p>MONTSERRAT 1 GR 1 CL NUM 55<br \/>\nSANT BARTOMEU 2 GR 2 CL NUM 27<br \/>\nTRONA 2 GR 2 CL NUM 44<br \/>\nANGELS 4 GR 4 CL NUM 58<br \/>\n19-5-1980 MONTSENY 25\u00ba SCRATCH NUM 39<br \/>\nMAYOLAS 2GR 2CL NUM 23<br \/>\nENGOLASTERS 6\u00ba SCRATCH 1 GR 1 CL 6\u00ba SCRATCH<br \/>\nROCA ORRIUS 1 GR 1 CL NUM 27<br \/>\nVALLDEMOSA 3\u00ba SCRATCH 1 GR 1 CL<br \/>\nSANT FELIU CODINES ABANDONO NUM 43<br \/>\nPUIGMAJOR 5 GR 3 CL<br \/>\nPONT VILUMARA ABANDONO<br \/>\nPRADES 2 GR 2 CL NUM 36<\/p>\n<h2>1981 (11)<\/h2>\n<h3>FORD FIESTA 1600 AUTOLAYETANA &#8211; SUBCAMPI\u00d3 DE CATALUNYA 1981<\/h3>\n<p>LA TRONA 8\u00ba SCRATCH 2 GR 1 CL NUM 47<br \/>\n19-04-1981 SANT BARTOMEU 4\u00ba SCRATCH 1GR 1 CL NUM 57<br \/>\n26-4-1981 ELS ANGELS\u00a0 8\u00ba SCRATCH 3 GR 1 CL NUM 54<br \/>\n17-05-1981 LES MAIOLES 4\u00ba SCRATCH 1 GR 1CL NUM 40<br \/>\n24-5-1981 MONTSENY 20\u00ba SCRATCH 3 GR 1 CL NUM 58<br \/>\nENGOLASTERS 7\u00ba SCRATCH 2GR 2CL NUM 39<br \/>\nLA MUSARA ? 1 GR 1 CL NUM 46<br \/>\nPONT VILOMARA 4\u00ba SCRATCH 1 GR 1 CL<br \/>\nSANT FELIU DE CODINES 5\u00ba SCRATCH 1 GR 1 CL NUM 63<br \/>\nPRADES 11\u00ba SCRATCH 5 GR 2 CL<br \/>\nLA COMELLA 5\u00ba SCRATCH 1GR 1CL<\/p>\n<p>&nbsp;<\/p>","protected":false},"excerpt":{"rendered":"<p>Palmar\u00e8s 1966 10\u00ba CAMPIONAT CATALUNYA &#8211; SEAT 600 1969 7\u00ba CAMPIONAT CATALUNYA &#8211; MORRIS COOPER \u201cS\u201d 1970 CAMPI\u00d3 DE CATALUNYA\u00a0&#8211; MINI COOPER \u201cS\u201d 1971 SUBCAMPI\u00d3 DE CATALUNYA &#8211; MINI AUTHI 1275-C 1972 3\u00ba CAMPIONAT D&#8217;ESPANYA I 3\u00ba CAMPIONAT CATALUNYA &#8211; MINI AUTHI 1275-C 1974 3\u00ba CAMPIONAT D&#8217;ESPANYA &#8211; SUBCAMPI\u00d3 TROFEU MONOPLACES\u00a0CAMPIONAT D&#8217;ESPANYA I 3\u00ba CAMPIONAT&hellip;<\/p>\n<p class=\"more-link\"><a href=\"https:\/\/brunellscompeticio.com\/ca\/palmares\/\" class=\"themebutton2\">Read More<\/a><\/p>\n","protected":false},"author":1,"featured_media":0,"parent":0,"menu_order":3,"comment_status":"closed","ping_status":"closed","template":"","meta":{"footnotes":""},"class_list":["post-165","page","type-page","status-publish","hentry"],"yoast_head":"<!-- This site is optimized with the Yoast SEO plugin v27.2 - https:\/\/yoast.com\/product\/yoast-seo-wordpress\/ -->\n<title>Palmar\u00e8s &#8226; Brunells Competici\u00f3<\/title>\n<meta name=\"description\" content=\"Palmar\u00e9s y trayectoria deportiva automovil\u00edstica de Miquel Brunells\" \/>\n<meta name=\"robots\" content=\"index, follow, max-snippet:-1, max-image-preview:large, max-video-preview:-1\" \/>\n<link rel=\"canonical\" href=\"https:\/\/brunellscompeticio.com\/palmares\/\" \/>\n<meta property=\"og:locale\" content=\"ca_ES\" \/>\n<meta property=\"og:type\" content=\"article\" \/>\n<meta property=\"og:title\" content=\"Palmar\u00e8s &#8226; Brunells Competici\u00f3\" \/>\n<meta property=\"og:description\" content=\"Palmar\u00e9s y trayectoria deportiva automovil\u00edstica de Miquel Brunells\" \/>\n<meta property=\"og:url\" content=\"https:\/\/brunellscompeticio.com\/palmares\/\" \/>\n<meta property=\"og:site_name\" content=\"Brunells Competici\u00f3\" \/>\n<meta property=\"article:modified_time\" content=\"2018-09-27T12:02:02+00:00\" \/>\n<meta name=\"twitter:card\" content=\"summary_large_image\" \/>\n<meta name=\"twitter:label1\" content=\"Temps estimat de lectura\" \/>\n\t<meta name=\"twitter:data1\" content=\"13 minuts\" \/>\n<script type=\"application\/ld+json\" class=\"yoast-schema-graph\">{\"@context\":\"https:\/\/schema.org\",\"@graph\":[{\"@type\":\"WebPage\",\"@id\":\"https:\/\/brunellscompeticio.com\/palmares\/\",\"url\":\"https:\/\/brunellscompeticio.com\/palmares\/\",\"name\":\"Palmar\u00e8s &#8226; Brunells Competici\u00f3\",\"isPartOf\":{\"@id\":\"https:\/\/brunellscompeticio.com\/#website\"},\"datePublished\":\"2018-04-20T13:07:15+00:00\",\"dateModified\":\"2018-09-27T12:02:02+00:00\",\"description\":\"Palmar\u00e9s y trayectoria deportiva automovil\u00edstica de Miquel Brunells\",\"breadcrumb\":{\"@id\":\"https:\/\/brunellscompeticio.com\/palmares\/#breadcrumb\"},\"inLanguage\":\"ca\",\"potentialAction\":[{\"@type\":\"ReadAction\",\"target\":[\"https:\/\/brunellscompeticio.com\/palmares\/\"]}]},{\"@type\":\"BreadcrumbList\",\"@id\":\"https:\/\/brunellscompeticio.com\/palmares\/#breadcrumb\",\"itemListElement\":[{\"@type\":\"ListItem\",\"position\":1,\"name\":\"Portada\",\"item\":\"https:\/\/brunellscompeticio.com\/\"},{\"@type\":\"ListItem\",\"position\":2,\"name\":\"Palmar\u00e9s\"}]},{\"@type\":\"WebSite\",\"@id\":\"https:\/\/brunellscompeticio.com\/#website\",\"url\":\"https:\/\/brunellscompeticio.com\/\",\"name\":\"Brunells Competici\u00f3\",\"description\":\"\",\"publisher\":{\"@id\":\"https:\/\/brunellscompeticio.com\/#organization\"},\"potentialAction\":[{\"@type\":\"SearchAction\",\"target\":{\"@type\":\"EntryPoint\",\"urlTemplate\":\"https:\/\/brunellscompeticio.com\/?s={search_term_string}\"},\"query-input\":{\"@type\":\"PropertyValueSpecification\",\"valueRequired\":true,\"valueName\":\"search_term_string\"}}],\"inLanguage\":\"ca\"},{\"@type\":\"Organization\",\"@id\":\"https:\/\/brunellscompeticio.com\/#organization\",\"name\":\"Brunells Competici\u00f3\",\"url\":\"https:\/\/brunellscompeticio.com\/\",\"logo\":{\"@type\":\"ImageObject\",\"inLanguage\":\"ca\",\"@id\":\"https:\/\/brunellscompeticio.com\/#\/schema\/logo\/image\/\",\"url\":\"https:\/\/brunellscompeticio.com\/wp-content\/uploads\/2018\/04\/marca-de-agua-400.png\",\"contentUrl\":\"https:\/\/brunellscompeticio.com\/wp-content\/uploads\/2018\/04\/marca-de-agua-400.png\",\"width\":400,\"height\":84,\"caption\":\"Brunells Competici\u00f3\"},\"image\":{\"@id\":\"https:\/\/brunellscompeticio.com\/#\/schema\/logo\/image\/\"}}]}<\/script>\n<!-- \/ Yoast SEO plugin. -->","yoast_head_json":{"title":"Palmar\u00e8s &#8226; Brunells Competici\u00f3","description":"Palmar\u00e9s y trayectoria deportiva automovil\u00edstica de Miquel Brunells","robots":{"index":"index","follow":"follow","max-snippet":"max-snippet:-1","max-image-preview":"max-image-preview:large","max-video-preview":"max-video-preview:-1"},"canonical":"https:\/\/brunellscompeticio.com\/palmares\/","og_locale":"ca_ES","og_type":"article","og_title":"Palmar\u00e8s &#8226; Brunells Competici\u00f3","og_description":"Palmar\u00e9s y trayectoria deportiva automovil\u00edstica de Miquel Brunells","og_url":"https:\/\/brunellscompeticio.com\/palmares\/","og_site_name":"Brunells Competici\u00f3","article_modified_time":"2018-09-27T12:02:02+00:00","twitter_card":"summary_large_image","twitter_misc":{"Temps estimat de lectura":"13 minuts"},"schema":{"@context":"https:\/\/schema.org","@graph":[{"@type":"WebPage","@id":"https:\/\/brunellscompeticio.com\/palmares\/","url":"https:\/\/brunellscompeticio.com\/palmares\/","name":"Palmar\u00e8s &#8226; Brunells Competici\u00f3","isPartOf":{"@id":"https:\/\/brunellscompeticio.com\/#website"},"datePublished":"2018-04-20T13:07:15+00:00","dateModified":"2018-09-27T12:02:02+00:00","description":"Palmar\u00e9s y trayectoria deportiva automovil\u00edstica de Miquel Brunells","breadcrumb":{"@id":"https:\/\/brunellscompeticio.com\/palmares\/#breadcrumb"},"inLanguage":"ca","potentialAction":[{"@type":"ReadAction","target":["https:\/\/brunellscompeticio.com\/palmares\/"]}]},{"@type":"BreadcrumbList","@id":"https:\/\/brunellscompeticio.com\/palmares\/#breadcrumb","itemListElement":[{"@type":"ListItem","position":1,"name":"Portada","item":"https:\/\/brunellscompeticio.com\/"},{"@type":"ListItem","position":2,"name":"Palmar\u00e9s"}]},{"@type":"WebSite","@id":"https:\/\/brunellscompeticio.com\/#website","url":"https:\/\/brunellscompeticio.com\/","name":"Brunells Competici\u00f3","description":"","publisher":{"@id":"https:\/\/brunellscompeticio.com\/#organization"},"potentialAction":[{"@type":"SearchAction","target":{"@type":"EntryPoint","urlTemplate":"https:\/\/brunellscompeticio.com\/?s={search_term_string}"},"query-input":{"@type":"PropertyValueSpecification","valueRequired":true,"valueName":"search_term_string"}}],"inLanguage":"ca"},{"@type":"Organization","@id":"https:\/\/brunellscompeticio.com\/#organization","name":"Brunells Competici\u00f3","url":"https:\/\/brunellscompeticio.com\/","logo":{"@type":"ImageObject","inLanguage":"ca","@id":"https:\/\/brunellscompeticio.com\/#\/schema\/logo\/image\/","url":"https:\/\/brunellscompeticio.com\/wp-content\/uploads\/2018\/04\/marca-de-agua-400.png","contentUrl":"https:\/\/brunellscompeticio.com\/wp-content\/uploads\/2018\/04\/marca-de-agua-400.png","width":400,"height":84,"caption":"Brunells Competici\u00f3"},"image":{"@id":"https:\/\/brunellscompeticio.com\/#\/schema\/logo\/image\/"}}]}},"_links":{"self":[{"href":"https:\/\/brunellscompeticio.com\/ca\/wp-json\/wp\/v2\/pages\/165","targetHints":{"allow":["GET"]}}],"collection":[{"href":"https:\/\/brunellscompeticio.com\/ca\/wp-json\/wp\/v2\/pages"}],"about":[{"href":"https:\/\/brunellscompeticio.com\/ca\/wp-json\/wp\/v2\/types\/page"}],"author":[{"embeddable":true,"href":"https:\/\/brunellscompeticio.com\/ca\/wp-json\/wp\/v2\/users\/1"}],"replies":[{"embeddable":true,"href":"https:\/\/brunellscompeticio.com\/ca\/wp-json\/wp\/v2\/comments?post=165"}],"version-history":[{"count":17,"href":"https:\/\/brunellscompeticio.com\/ca\/wp-json\/wp\/v2\/pages\/165\/revisions"}],"predecessor-version":[{"id":654,"href":"https:\/\/brunellscompeticio.com\/ca\/wp-json\/wp\/v2\/pages\/165\/revisions\/654"}],"wp:attachment":[{"href":"https:\/\/brunellscompeticio.com\/ca\/wp-json\/wp\/v2\/media?parent=165"}],"curies":[{"name":"wp","href":"https:\/\/api.w.org\/{rel}","templated":true}]}}