{"id":267,"date":"2018-04-21T03:26:01","date_gmt":"2018-04-21T01:26:01","guid":{"rendered":"https:\/\/brunellscompeticio.com\/?page_id=267"},"modified":"2018-09-27T14:21:13","modified_gmt":"2018-09-27T12:21:13","slug":"galeria-seat-600","status":"publish","type":"page","link":"https:\/\/brunellscompeticio.com\/en\/galeria\/galeria-seat-600\/","title":{"rendered":"(Castellano) Galer\u00eda SEAT 600"},"content":{"rendered":"<p class=\"qtranxs-available-languages-message qtranxs-available-languages-message-en\">Sorry, this entry is only available in <a href=\"https:\/\/brunellscompeticio.com\/es\/wp-json\/wp\/v2\/pages\/267\" class=\"qtranxs-available-language-link qtranxs-available-language-link-es\" title=\"Castellano\">Castellano<\/a> and <a href=\"https:\/\/brunellscompeticio.com\/ca\/wp-json\/wp\/v2\/pages\/267\" class=\"qtranxs-available-language-link qtranxs-available-language-link-ca\" title=\"Catal\u00e0\">Catal\u00e0<\/a>.<\/p>","protected":false},"excerpt":{"rendered":"<p>Sorry, this entry is only available in Castellano and Catal\u00e0.<\/p>\n","protected":false},"author":1,"featured_media":0,"parent":44,"menu_order":0,"comment_status":"closed","ping_status":"closed","template":"","meta":{"footnotes":""},"class_list":["post-267","page","type-page","status-publish","hentry"],"yoast_head":"<!-- This site is optimized with the Yoast SEO plugin v27.2 - https:\/\/yoast.com\/product\/yoast-seo-wordpress\/ -->\n<title>(Castellano) Galer\u00eda SEAT 600 &#8226; Brunells Competici\u00f3<\/title>\n<meta name=\"robots\" content=\"index, follow, max-snippet:-1, max-image-preview:large, max-video-preview:-1\" \/>\n<link rel=\"canonical\" href=\"https:\/\/brunellscompeticio.com\/ca\/galeria\/galeria-seat-600\/\" \/>\n<meta property=\"og:locale\" content=\"en_US\" \/>\n<meta property=\"og:type\" content=\"article\" \/>\n<meta property=\"og:title\" content=\"(Castellano) Galer\u00eda SEAT 600 &#8226; Brunells Competici\u00f3\" \/>\n<meta property=\"og:description\" content=\"Sorry, this entry is only available in Castellano and Catal\u00e0.\" \/>\n<meta property=\"og:url\" content=\"https:\/\/brunellscompeticio.com\/ca\/galeria\/galeria-seat-600\/\" \/>\n<meta property=\"og:site_name\" content=\"Brunells Competici\u00f3\" \/>\n<meta property=\"article:modified_time\" content=\"2018-09-27T12:21:13+00:00\" \/>\n<meta name=\"twitter:card\" content=\"summary_large_image\" \/>\n<script type=\"application\/ld+json\" class=\"yoast-schema-graph\">{\"@context\":\"https:\/\/schema.org\",\"@graph\":[{\"@type\":\"WebPage\",\"@id\":\"https:\/\/brunellscompeticio.com\/ca\/galeria\/galeria-seat-600\/\",\"url\":\"https:\/\/brunellscompeticio.com\/ca\/galeria\/galeria-seat-600\/\",\"name\":\"(Castellano) Galer\u00eda SEAT 600 &#8226; Brunells Competici\u00f3\",\"isPartOf\":{\"@id\":\"https:\/\/brunellscompeticio.com\/#website\"},\"datePublished\":\"2018-04-21T01:26:01+00:00\",\"dateModified\":\"2018-09-27T12:21:13+00:00\",\"breadcrumb\":{\"@id\":\"https:\/\/brunellscompeticio.com\/ca\/galeria\/galeria-seat-600\/#breadcrumb\"},\"inLanguage\":\"en-US\",\"potentialAction\":[{\"@type\":\"ReadAction\",\"target\":[\"https:\/\/brunellscompeticio.com\/ca\/galeria\/galeria-seat-600\/\"]}]},{\"@type\":\"BreadcrumbList\",\"@id\":\"https:\/\/brunellscompeticio.com\/ca\/galeria\/galeria-seat-600\/#breadcrumb\",\"itemListElement\":[{\"@type\":\"ListItem\",\"position\":1,\"name\":\"Portada\",\"item\":\"https:\/\/brunellscompeticio.com\/\"},{\"@type\":\"ListItem\",\"position\":2,\"name\":\"Galeria\",\"item\":\"https:\/\/brunellscompeticio.com\/ca\/galeria\/\"},{\"@type\":\"ListItem\",\"position\":3,\"name\":\"Galeria SEAT 600\"}]},{\"@type\":\"WebSite\",\"@id\":\"https:\/\/brunellscompeticio.com\/#website\",\"url\":\"https:\/\/brunellscompeticio.com\/\",\"name\":\"Brunells Competici\u00f3\",\"description\":\"\",\"publisher\":{\"@id\":\"https:\/\/brunellscompeticio.com\/#organization\"},\"potentialAction\":[{\"@type\":\"SearchAction\",\"target\":{\"@type\":\"EntryPoint\",\"urlTemplate\":\"https:\/\/brunellscompeticio.com\/?s={search_term_string}\"},\"query-input\":{\"@type\":\"PropertyValueSpecification\",\"valueRequired\":true,\"valueName\":\"search_term_string\"}}],\"inLanguage\":\"en-US\"},{\"@type\":\"Organization\",\"@id\":\"https:\/\/brunellscompeticio.com\/#organization\",\"name\":\"Brunells Competici\u00f3\",\"url\":\"https:\/\/brunellscompeticio.com\/\",\"logo\":{\"@type\":\"ImageObject\",\"inLanguage\":\"en-US\",\"@id\":\"https:\/\/brunellscompeticio.com\/#\/schema\/logo\/image\/\",\"url\":\"https:\/\/brunellscompeticio.com\/wp-content\/uploads\/2018\/04\/marca-de-agua-400.png\",\"contentUrl\":\"https:\/\/brunellscompeticio.com\/wp-content\/uploads\/2018\/04\/marca-de-agua-400.png\",\"width\":400,\"height\":84,\"caption\":\"Brunells Competici\u00f3\"},\"image\":{\"@id\":\"https:\/\/brunellscompeticio.com\/#\/schema\/logo\/image\/\"}}]}<\/script>\n<!-- \/ Yoast SEO plugin. -->","yoast_head_json":{"title":"(Castellano) Galer\u00eda SEAT 600 &#8226; Brunells Competici\u00f3","robots":{"index":"index","follow":"follow","max-snippet":"max-snippet:-1","max-image-preview":"max-image-preview:large","max-video-preview":"max-video-preview:-1"},"canonical":"https:\/\/brunellscompeticio.com\/ca\/galeria\/galeria-seat-600\/","og_locale":"en_US","og_type":"article","og_title":"(Castellano) Galer\u00eda SEAT 600 &#8226; Brunells Competici\u00f3","og_description":"Sorry, this entry is only available in Castellano and Catal\u00e0.","og_url":"https:\/\/brunellscompeticio.com\/ca\/galeria\/galeria-seat-600\/","og_site_name":"Brunells Competici\u00f3","article_modified_time":"2018-09-27T12:21:13+00:00","twitter_card":"summary_large_image","schema":{"@context":"https:\/\/schema.org","@graph":[{"@type":"WebPage","@id":"https:\/\/brunellscompeticio.com\/ca\/galeria\/galeria-seat-600\/","url":"https:\/\/brunellscompeticio.com\/ca\/galeria\/galeria-seat-600\/","name":"(Castellano) Galer\u00eda SEAT 600 &#8226; Brunells Competici\u00f3","isPartOf":{"@id":"https:\/\/brunellscompeticio.com\/#website"},"datePublished":"2018-04-21T01:26:01+00:00","dateModified":"2018-09-27T12:21:13+00:00","breadcrumb":{"@id":"https:\/\/brunellscompeticio.com\/ca\/galeria\/galeria-seat-600\/#breadcrumb"},"inLanguage":"en-US","potentialAction":[{"@type":"ReadAction","target":["https:\/\/brunellscompeticio.com\/ca\/galeria\/galeria-seat-600\/"]}]},{"@type":"BreadcrumbList","@id":"https:\/\/brunellscompeticio.com\/ca\/galeria\/galeria-seat-600\/#breadcrumb","itemListElement":[{"@type":"ListItem","position":1,"name":"Portada","item":"https:\/\/brunellscompeticio.com\/"},{"@type":"ListItem","position":2,"name":"Galeria","item":"https:\/\/brunellscompeticio.com\/ca\/galeria\/"},{"@type":"ListItem","position":3,"name":"Galeria SEAT 600"}]},{"@type":"WebSite","@id":"https:\/\/brunellscompeticio.com\/#website","url":"https:\/\/brunellscompeticio.com\/","name":"Brunells Competici\u00f3","description":"","publisher":{"@id":"https:\/\/brunellscompeticio.com\/#organization"},"potentialAction":[{"@type":"SearchAction","target":{"@type":"EntryPoint","urlTemplate":"https:\/\/brunellscompeticio.com\/?s={search_term_string}"},"query-input":{"@type":"PropertyValueSpecification","valueRequired":true,"valueName":"search_term_string"}}],"inLanguage":"en-US"},{"@type":"Organization","@id":"https:\/\/brunellscompeticio.com\/#organization","name":"Brunells Competici\u00f3","url":"https:\/\/brunellscompeticio.com\/","logo":{"@type":"ImageObject","inLanguage":"en-US","@id":"https:\/\/brunellscompeticio.com\/#\/schema\/logo\/image\/","url":"https:\/\/brunellscompeticio.com\/wp-content\/uploads\/2018\/04\/marca-de-agua-400.png","contentUrl":"https:\/\/brunellscompeticio.com\/wp-content\/uploads\/2018\/04\/marca-de-agua-400.png","width":400,"height":84,"caption":"Brunells Competici\u00f3"},"image":{"@id":"https:\/\/brunellscompeticio.com\/#\/schema\/logo\/image\/"}}]}},"_links":{"self":[{"href":"https:\/\/brunellscompeticio.com\/en\/wp-json\/wp\/v2\/pages\/267","targetHints":{"allow":["GET"]}}],"collection":[{"href":"https:\/\/brunellscompeticio.com\/en\/wp-json\/wp\/v2\/pages"}],"about":[{"href":"https:\/\/brunellscompeticio.com\/en\/wp-json\/wp\/v2\/types\/page"}],"author":[{"embeddable":true,"href":"https:\/\/brunellscompeticio.com\/en\/wp-json\/wp\/v2\/users\/1"}],"replies":[{"embeddable":true,"href":"https:\/\/brunellscompeticio.com\/en\/wp-json\/wp\/v2\/comments?post=267"}],"version-history":[{"count":6,"href":"https:\/\/brunellscompeticio.com\/en\/wp-json\/wp\/v2\/pages\/267\/revisions"}],"predecessor-version":[{"id":663,"href":"https:\/\/brunellscompeticio.com\/en\/wp-json\/wp\/v2\/pages\/267\/revisions\/663"}],"up":[{"embeddable":true,"href":"https:\/\/brunellscompeticio.com\/en\/wp-json\/wp\/v2\/pages\/44"}],"wp:attachment":[{"href":"https:\/\/brunellscompeticio.com\/en\/wp-json\/wp\/v2\/media?parent=267"}],"curies":[{"name":"wp","href":"https:\/\/api.w.org\/{rel}","templated":true}]}}