{"id":44,"date":"2018-04-13T13:25:46","date_gmt":"2018-04-13T11:25:46","guid":{"rendered":"https:\/\/brunellscompeticio.com\/?page_id=44"},"modified":"2018-09-27T14:19:38","modified_gmt":"2018-09-27T12:19:38","slug":"galeria","status":"publish","type":"page","link":"https:\/\/brunellscompeticio.com\/en\/galeria\/","title":{"rendered":"Gallery"},"content":{"rendered":"<p>\n<table id=\"tablepress-1-no-2\" class=\"tablepress tablepress-id-1\">\n<tbody>\n<tr class=\"row-1\">\n\t<td class=\"column-1\"><h4><a href=\"https:\/\/brunellscompeticio.com\/galeria-seat-600\/\">SEAT 600<\/a><\/h4><\/td><td class=\"column-2\"><h4><a href=\"https:\/\/brunellscompeticio.com\/galeria\/galeria-mini\/\">Mini Cooper \"S\"<\/a><\/h4><\/td><td class=\"column-3\"><h4><a href=\"https:\/\/brunellscompeticio.com\/unipower-1275-gt\/\">Unipower 1275GT<\/a><\/h4><\/td><td class=\"column-4\"><h4><a href=\"https:\/\/brunellscompeticio.com\/galeria-selex-1800\/\">Selex 1800<\/a><\/h4><\/td><td class=\"column-5\"><h4><a href=\"https:\/\/brunellscompeticio.com\/galeria\/galeria-lola-t-290\/\">Lola T-290<\/a><\/h4><\/td><td class=\"column-6\"><h4><a href=\"https:\/\/brunellscompeticio.com\/galeria-fiesta\/\">Ford Fiesta<\/a><\/h4><\/td><td class=\"column-7\"><h4><a href=\"https:\/\/brunellscompeticio.com\/galeria\/galeria-otros-vehiculos\/\">Otros veh\u00edculos<\/a><\/h4><\/td>\n<\/tr>\n<\/tbody>\n<\/table>\n<\/p>\n<p><div id=\"metaslider-id-138\" style=\"max-width: 1200px;\" class=\"ml-slider-3-106-0 metaslider metaslider-flex metaslider-138 ml-slider has-dots-nav ms-theme-default\" role=\"region\" aria-label=\"New Slideshow\" data-height=\"500\" data-width=\"1200\">\n    <div id=\"metaslider_container_138\">\n        <div id=\"metaslider_138\">\n            <ul class='slides'>\n                <li style=\"display: block; width: 100%;\" class=\"slide-139 ms-image \" aria-roledescription=\"slide\" data-date=\"2018-04-19 02:10:57\" data-filename=\"1970-BRUNELLS-SUBIDA-A-SANT-CUGAT-TIBIDABO-MINI-COOPER-S-ESC-MONTJUICH-TERGAL-1200x500.jpg\" data-slide-type=\"image\"><img loading=\"lazy\" decoding=\"async\" src=\"https:\/\/brunellscompeticio.com\/wp-content\/uploads\/2018\/04\/1970-BRUNELLS-SUBIDA-A-SANT-CUGAT-TIBIDABO-MINI-COOPER-S-ESC-MONTJUICH-TERGAL-1200x500.jpg\" height=\"500\" width=\"1200\" alt=\"\" class=\"slider-138 slide-139 msDefaultImage\" title=\"1970 BRUNELLS SUBIDA A SANT CUGAT TIBIDABO MINI COOPER S ESC MONTJUICH TERGAL\" \/><\/li>\n                <li style=\"display: none; width: 100%;\" class=\"slide-140 ms-image \" aria-roledescription=\"slide\" data-date=\"2018-04-19 02:12:03\" data-filename=\"1968-BRUNELLS-600-6H-BARCELONA-1200x500.jpeg\" data-slide-type=\"image\"><img loading=\"lazy\" decoding=\"async\" src=\"https:\/\/brunellscompeticio.com\/wp-content\/uploads\/2018\/04\/1968-BRUNELLS-600-6H-BARCELONA-1200x500.jpeg\" height=\"500\" width=\"1200\" alt=\"\" class=\"slider-138 slide-140 msDefaultImage\" title=\"1968 BRUNELLS 600 6H BARCELONA\" \/><\/li>\n                <li style=\"display: none; width: 100%;\" class=\"slide-141 ms-image \" aria-roledescription=\"slide\" data-date=\"2018-04-19 02:12:13\" data-filename=\"BRUNELLS-1973-MONTSENY-1200x500.jpeg\" data-slide-type=\"image\"><img loading=\"lazy\" decoding=\"async\" src=\"https:\/\/brunellscompeticio.com\/wp-content\/uploads\/2018\/04\/BRUNELLS-1973-MONTSENY-1200x500.jpeg\" height=\"500\" width=\"1200\" alt=\"\" class=\"slider-138 slide-141 msDefaultImage\" title=\"BRUNELLS 1973 SUBIDA MONTSENY - UNIPOWER 1275GT\" \/><\/li>\n                <li style=\"display: none; width: 100%;\" class=\"slide-142 ms-image \" aria-roledescription=\"slide\" data-date=\"2018-04-19 02:12:20\" data-filename=\"MIQUEL-BRUNELLS-BERNARD-CHENEVI\u00c8RE-Escuderia-Montjuich-Porsche-Romand-PORSCHE-911-2.2-S-1000-Kms-de-Barcelona-1971-Circuit-de-Montju\u00efc-1200x500.jpg\" data-slide-type=\"image\"><img loading=\"lazy\" decoding=\"async\" src=\"https:\/\/brunellscompeticio.com\/wp-content\/uploads\/2018\/04\/MIQUEL-BRUNELLS-BERNARD-CHENEVI\u00c8RE-Escuderia-Montjuich-Porsche-Romand-PORSCHE-911-2.2-S-1000-Kms-de-Barcelona-1971-Circuit-de-Montju\u00efc-1200x500.jpg\" height=\"500\" width=\"1200\" alt=\"\" class=\"slider-138 slide-142 msDefaultImage\" title=\"MIQUEL BRUNELLS-BERNARD CHENEVI\u00c8RE Escuderia Montjuich-Porsche Romand PORSCHE 911 2.2 S 1000 Kms de Barcelona 1971 Circuit de Montju\u00efc\" \/><\/li>\n                <li style=\"display: none; width: 100%;\" class=\"slide-143 ms-image \" aria-roledescription=\"slide\" data-date=\"2018-04-19 02:12:38\" data-filename=\"1974-SELEX-ST4-SANT-FELIU-DE-CODINES-1200x500.jpg\" data-slide-type=\"image\"><img loading=\"lazy\" decoding=\"async\" src=\"https:\/\/brunellscompeticio.com\/wp-content\/uploads\/2018\/04\/1974-SELEX-ST4-SANT-FELIU-DE-CODINES-1200x500.jpg\" height=\"500\" width=\"1200\" alt=\"\" class=\"slider-138 slide-143 msDefaultImage\" title=\"1974 SELEX ST4 SANT FELIU DE CODINES\" \/><\/li>\n                <li style=\"display: none; width: 100%;\" class=\"slide-144 ms-image \" aria-roledescription=\"slide\" data-date=\"2018-04-19 02:12:48\" data-filename=\"1981-BRUNELLS-FORD-FIESTA-1600-TEAM-AUTOLAYETANA-LES-MAIOLES-1200x500.jpg\" data-slide-type=\"image\"><img loading=\"lazy\" decoding=\"async\" src=\"https:\/\/brunellscompeticio.com\/wp-content\/uploads\/2018\/04\/1981-BRUNELLS-FORD-FIESTA-1600-TEAM-AUTOLAYETANA-LES-MAIOLES-1200x500.jpg\" height=\"500\" width=\"1200\" alt=\"\" class=\"slider-138 slide-144 msDefaultImage\" title=\"1981 BRUNELLS FORD FIESTA 1600 TEAM AUTOLAYETANA LES MAIOLES\" \/><\/li>\n            <\/ul>\n        <\/div>\n        \n    <\/div>\n<\/div><\/p>","protected":false},"excerpt":{"rendered":"","protected":false},"author":1,"featured_media":0,"parent":0,"menu_order":5,"comment_status":"closed","ping_status":"closed","template":"","meta":{"footnotes":""},"class_list":["post-44","page","type-page","status-publish","hentry"],"yoast_head":"<!-- This site is optimized with the Yoast SEO plugin v27.2 - https:\/\/yoast.com\/product\/yoast-seo-wordpress\/ -->\n<title>Gallery &#8226; Brunells Competici\u00f3<\/title>\n<meta name=\"description\" content=\"(Castellano) Galer\u00eda fotogr\u00e1fica de los veh\u00edculos con los que compiti\u00f3 el piloto Miquel Brunells: SEAT 600, SEAT 1400, Mini Cooper &quot;S&quot;, Unipower 1275GT, Selex 1800, Lola T-290, Ford Fiesta, Porsche 911, Martin BM9\" \/>\n<meta name=\"robots\" content=\"index, follow, max-snippet:-1, max-image-preview:large, max-video-preview:-1\" \/>\n<link rel=\"canonical\" href=\"https:\/\/brunellscompeticio.com\/ca\/galeria\/\" \/>\n<meta property=\"og:locale\" content=\"en_US\" \/>\n<meta property=\"og:type\" content=\"article\" \/>\n<meta property=\"og:title\" content=\"Gallery &#8226; Brunells Competici\u00f3\" \/>\n<meta property=\"og:description\" content=\"(Castellano) Galer\u00eda fotogr\u00e1fica de los veh\u00edculos con los que compiti\u00f3 el piloto Miquel Brunells: SEAT 600, SEAT 1400, Mini Cooper &quot;S&quot;, Unipower 1275GT, Selex 1800, Lola T-290, Ford Fiesta, Porsche 911, Martin BM9\" \/>\n<meta property=\"og:url\" content=\"https:\/\/brunellscompeticio.com\/ca\/galeria\/\" \/>\n<meta property=\"og:site_name\" content=\"Brunells Competici\u00f3\" \/>\n<meta property=\"article:modified_time\" content=\"2018-09-27T12:19:38+00:00\" \/>\n<meta name=\"twitter:card\" content=\"summary_large_image\" \/>\n<script type=\"application\/ld+json\" class=\"yoast-schema-graph\">{\"@context\":\"https:\/\/schema.org\",\"@graph\":[{\"@type\":\"WebPage\",\"@id\":\"https:\/\/brunellscompeticio.com\/ca\/galeria\/\",\"url\":\"https:\/\/brunellscompeticio.com\/ca\/galeria\/\",\"name\":\"Gallery &#8226; Brunells Competici\u00f3\",\"isPartOf\":{\"@id\":\"https:\/\/brunellscompeticio.com\/#website\"},\"datePublished\":\"2018-04-13T11:25:46+00:00\",\"dateModified\":\"2018-09-27T12:19:38+00:00\",\"description\":\"(Castellano) Galer\u00eda fotogr\u00e1fica de los veh\u00edculos con los que compiti\u00f3 el piloto Miquel Brunells: SEAT 600, SEAT 1400, Mini Cooper \\\"S\\\", Unipower 1275GT, Selex 1800, Lola T-290, Ford Fiesta, Porsche 911, Martin BM9\",\"breadcrumb\":{\"@id\":\"https:\/\/brunellscompeticio.com\/ca\/galeria\/#breadcrumb\"},\"inLanguage\":\"en-US\",\"potentialAction\":[{\"@type\":\"ReadAction\",\"target\":[\"https:\/\/brunellscompeticio.com\/ca\/galeria\/\"]}]},{\"@type\":\"BreadcrumbList\",\"@id\":\"https:\/\/brunellscompeticio.com\/ca\/galeria\/#breadcrumb\",\"itemListElement\":[{\"@type\":\"ListItem\",\"position\":1,\"name\":\"Portada\",\"item\":\"https:\/\/brunellscompeticio.com\/\"},{\"@type\":\"ListItem\",\"position\":2,\"name\":\"Galeria\"}]},{\"@type\":\"WebSite\",\"@id\":\"https:\/\/brunellscompeticio.com\/#website\",\"url\":\"https:\/\/brunellscompeticio.com\/\",\"name\":\"Brunells Competici\u00f3\",\"description\":\"\",\"publisher\":{\"@id\":\"https:\/\/brunellscompeticio.com\/#organization\"},\"potentialAction\":[{\"@type\":\"SearchAction\",\"target\":{\"@type\":\"EntryPoint\",\"urlTemplate\":\"https:\/\/brunellscompeticio.com\/?s={search_term_string}\"},\"query-input\":{\"@type\":\"PropertyValueSpecification\",\"valueRequired\":true,\"valueName\":\"search_term_string\"}}],\"inLanguage\":\"en-US\"},{\"@type\":\"Organization\",\"@id\":\"https:\/\/brunellscompeticio.com\/#organization\",\"name\":\"Brunells Competici\u00f3\",\"url\":\"https:\/\/brunellscompeticio.com\/\",\"logo\":{\"@type\":\"ImageObject\",\"inLanguage\":\"en-US\",\"@id\":\"https:\/\/brunellscompeticio.com\/#\/schema\/logo\/image\/\",\"url\":\"https:\/\/brunellscompeticio.com\/wp-content\/uploads\/2018\/04\/marca-de-agua-400.png\",\"contentUrl\":\"https:\/\/brunellscompeticio.com\/wp-content\/uploads\/2018\/04\/marca-de-agua-400.png\",\"width\":400,\"height\":84,\"caption\":\"Brunells Competici\u00f3\"},\"image\":{\"@id\":\"https:\/\/brunellscompeticio.com\/#\/schema\/logo\/image\/\"}}]}<\/script>\n<!-- \/ Yoast SEO plugin. -->","yoast_head_json":{"title":"Gallery &#8226; Brunells Competici\u00f3","description":"(Castellano) Galer\u00eda fotogr\u00e1fica de los veh\u00edculos con los que compiti\u00f3 el piloto Miquel Brunells: SEAT 600, SEAT 1400, Mini Cooper \"S\", Unipower 1275GT, Selex 1800, Lola T-290, Ford Fiesta, Porsche 911, Martin BM9","robots":{"index":"index","follow":"follow","max-snippet":"max-snippet:-1","max-image-preview":"max-image-preview:large","max-video-preview":"max-video-preview:-1"},"canonical":"https:\/\/brunellscompeticio.com\/ca\/galeria\/","og_locale":"en_US","og_type":"article","og_title":"Gallery &#8226; Brunells Competici\u00f3","og_description":"(Castellano) Galer\u00eda fotogr\u00e1fica de los veh\u00edculos con los que compiti\u00f3 el piloto Miquel Brunells: SEAT 600, SEAT 1400, Mini Cooper \"S\", Unipower 1275GT, Selex 1800, Lola T-290, Ford Fiesta, Porsche 911, Martin BM9","og_url":"https:\/\/brunellscompeticio.com\/ca\/galeria\/","og_site_name":"Brunells Competici\u00f3","article_modified_time":"2018-09-27T12:19:38+00:00","twitter_card":"summary_large_image","schema":{"@context":"https:\/\/schema.org","@graph":[{"@type":"WebPage","@id":"https:\/\/brunellscompeticio.com\/ca\/galeria\/","url":"https:\/\/brunellscompeticio.com\/ca\/galeria\/","name":"Gallery &#8226; Brunells Competici\u00f3","isPartOf":{"@id":"https:\/\/brunellscompeticio.com\/#website"},"datePublished":"2018-04-13T11:25:46+00:00","dateModified":"2018-09-27T12:19:38+00:00","description":"(Castellano) Galer\u00eda fotogr\u00e1fica de los veh\u00edculos con los que compiti\u00f3 el piloto Miquel Brunells: SEAT 600, SEAT 1400, Mini Cooper \"S\", Unipower 1275GT, Selex 1800, Lola T-290, Ford Fiesta, Porsche 911, Martin BM9","breadcrumb":{"@id":"https:\/\/brunellscompeticio.com\/ca\/galeria\/#breadcrumb"},"inLanguage":"en-US","potentialAction":[{"@type":"ReadAction","target":["https:\/\/brunellscompeticio.com\/ca\/galeria\/"]}]},{"@type":"BreadcrumbList","@id":"https:\/\/brunellscompeticio.com\/ca\/galeria\/#breadcrumb","itemListElement":[{"@type":"ListItem","position":1,"name":"Portada","item":"https:\/\/brunellscompeticio.com\/"},{"@type":"ListItem","position":2,"name":"Galeria"}]},{"@type":"WebSite","@id":"https:\/\/brunellscompeticio.com\/#website","url":"https:\/\/brunellscompeticio.com\/","name":"Brunells Competici\u00f3","description":"","publisher":{"@id":"https:\/\/brunellscompeticio.com\/#organization"},"potentialAction":[{"@type":"SearchAction","target":{"@type":"EntryPoint","urlTemplate":"https:\/\/brunellscompeticio.com\/?s={search_term_string}"},"query-input":{"@type":"PropertyValueSpecification","valueRequired":true,"valueName":"search_term_string"}}],"inLanguage":"en-US"},{"@type":"Organization","@id":"https:\/\/brunellscompeticio.com\/#organization","name":"Brunells Competici\u00f3","url":"https:\/\/brunellscompeticio.com\/","logo":{"@type":"ImageObject","inLanguage":"en-US","@id":"https:\/\/brunellscompeticio.com\/#\/schema\/logo\/image\/","url":"https:\/\/brunellscompeticio.com\/wp-content\/uploads\/2018\/04\/marca-de-agua-400.png","contentUrl":"https:\/\/brunellscompeticio.com\/wp-content\/uploads\/2018\/04\/marca-de-agua-400.png","width":400,"height":84,"caption":"Brunells Competici\u00f3"},"image":{"@id":"https:\/\/brunellscompeticio.com\/#\/schema\/logo\/image\/"}}]}},"_links":{"self":[{"href":"https:\/\/brunellscompeticio.com\/en\/wp-json\/wp\/v2\/pages\/44","targetHints":{"allow":["GET"]}}],"collection":[{"href":"https:\/\/brunellscompeticio.com\/en\/wp-json\/wp\/v2\/pages"}],"about":[{"href":"https:\/\/brunellscompeticio.com\/en\/wp-json\/wp\/v2\/types\/page"}],"author":[{"embeddable":true,"href":"https:\/\/brunellscompeticio.com\/en\/wp-json\/wp\/v2\/users\/1"}],"replies":[{"embeddable":true,"href":"https:\/\/brunellscompeticio.com\/en\/wp-json\/wp\/v2\/comments?post=44"}],"version-history":[{"count":18,"href":"https:\/\/brunellscompeticio.com\/en\/wp-json\/wp\/v2\/pages\/44\/revisions"}],"predecessor-version":[{"id":662,"href":"https:\/\/brunellscompeticio.com\/en\/wp-json\/wp\/v2\/pages\/44\/revisions\/662"}],"wp:attachment":[{"href":"https:\/\/brunellscompeticio.com\/en\/wp-json\/wp\/v2\/media?parent=44"}],"curies":[{"name":"wp","href":"https:\/\/api.w.org\/{rel}","templated":true}]}}